{"id":1450,"date":"2025-11-16T13:50:59","date_gmt":"2025-11-16T13:50:59","guid":{"rendered":"https:\/\/burg-vetzberg.de\/?page_id=1450"},"modified":"2025-12-10T18:46:13","modified_gmt":"2025-12-10T18:46:13","slug":"impressum","status":"publish","type":"page","link":"https:\/\/burg-vetzberg.de\/start\/impressum\/","title":{"rendered":"Impressum"},"content":{"rendered":"<section class=\"l-section wpb_row height_medium\"><div class=\"l-section-h i-cf\"><div class=\"g-cols vc_row via_flex valign_top type_default stacking_default\"><div class=\"vc_col-sm-6 wpb_column vc_column_container\"><div class=\"vc_column-inner\"><div class=\"wpb_wrapper\"><div class=\"w-image align_center\"><div class=\"w-image-h\"><img decoding=\"async\" width=\"239\" height=\"300\" src=\"https:\/\/i0.wp.com\/burg-vetzberg.de\/wp-content\/uploads\/2025\/11\/Element-1-2.png?fit=239%2C300&amp;ssl=1\" class=\"attachment-medium size-medium\" alt=\"\" loading=\"lazy\" srcset=\"https:\/\/i0.wp.com\/burg-vetzberg.de\/wp-content\/uploads\/2025\/11\/Element-1-2.png?w=482&amp;ssl=1 482w, https:\/\/i0.wp.com\/burg-vetzberg.de\/wp-content\/uploads\/2025\/11\/Element-1-2.png?resize=239%2C300&amp;ssl=1 239w, https:\/\/i0.wp.com\/burg-vetzberg.de\/wp-content\/uploads\/2025\/11\/Element-1-2.png?resize=319%2C400&amp;ssl=1 319w, https:\/\/i0.wp.com\/burg-vetzberg.de\/wp-content\/uploads\/2025\/11\/Element-1-2.png?resize=478%2C600&amp;ssl=1 478w\" sizes=\"auto, (max-width: 239px) 100vw, 239px\" \/><\/div><\/div><div class=\"wpb_text_column\"><div class=\"wpb_wrapper\"><h2 style=\"font-family: 'League Spartan', sans-serif; font-weight: bold;\" data-start=\"335\" data-end=\"347\">Impressum<\/h2>\n<p data-start=\"349\" data-end=\"492\"><strong data-start=\"349\" data-end=\"394\">Angaben gem\u00e4\u00df \u00a7 5 Telemediengesetz (TMG):<br \/>\n<\/strong><br \/>\n<strong>Burg Vetzberg\u00a0<\/strong><br data-start=\"394\" data-end=\"397\" \/><a><strong>M.Sonneborn &amp; M.Radovcic Vetzberg Gastro GbR<\/strong><\/a><br data-start=\"442\" data-end=\"445\" \/>Burgstra\u00dfe 0\u00a0<br data-start=\"461\" data-end=\"464\" \/>35444 Biebertal<br data-start=\"476\" data-end=\"479\" \/>Deutschland<\/p>\n<p data-start=\"494\" data-end=\"580\">USt-IdNr.: DE<br data-start=\"516\" data-end=\"519\" \/>Telefon: +49 64098088300<br data-start=\"543\" data-end=\"546\" \/>E-Mail: <a class=\"cursor-pointer\" rel=\"noopener\" data-start=\"554\" data-end=\"578\">info@burg-vetzberg.de<\/a><\/p>\n<p data-start=\"582\" data-end=\"691\"><strong data-start=\"582\" data-end=\"638\">Verantwortlich f\u00fcr den Inhalt nach \u00a7 55 Abs. 2 RStV:<\/strong><br data-start=\"638\" data-end=\"641\" \/><a><strong>M.Sonneborn &amp; M.Radovcic<br \/>\n<\/strong>Burgstra\u00dfe 0, 35444 Biebertal<\/a><\/p>\n<\/div><\/div><div class=\"g-cols wpb_row via_flex valign_top type_default stacking_default\"><div class=\"vc_col-sm-12 wpb_column vc_column_container has_bg_color\"><div class=\"vc_column-inner us_custom_99b79ab1\"><div class=\"wpb_wrapper\"><div class=\"w-image style_shadow-2 align_center\"><div class=\"w-image-h\"><div class=\"w-image-shadow\" style=\"background-image:url(https:\/\/i0.wp.com\/burg-vetzberg.de\/wp-content\/uploads\/2025\/11\/Element-2.png?fit=300%2C119&ssl=1);\"><\/div><img decoding=\"async\" width=\"300\" height=\"119\" src=\"https:\/\/i0.wp.com\/burg-vetzberg.de\/wp-content\/uploads\/2025\/11\/Element-2.png?fit=300%2C119&amp;ssl=1\" class=\"attachment-medium size-medium\" alt=\"\" loading=\"lazy\" srcset=\"https:\/\/i0.wp.com\/burg-vetzberg.de\/wp-content\/uploads\/2025\/11\/Element-2.png?w=1744&amp;ssl=1 1744w, https:\/\/i0.wp.com\/burg-vetzberg.de\/wp-content\/uploads\/2025\/11\/Element-2.png?resize=300%2C119&amp;ssl=1 300w, https:\/\/i0.wp.com\/burg-vetzberg.de\/wp-content\/uploads\/2025\/11\/Element-2.png?resize=1024%2C407&amp;ssl=1 1024w, https:\/\/i0.wp.com\/burg-vetzberg.de\/wp-content\/uploads\/2025\/11\/Element-2.png?resize=600%2C239&amp;ssl=1 600w, https:\/\/i0.wp.com\/burg-vetzberg.de\/wp-content\/uploads\/2025\/11\/Element-2.png?resize=800%2C318&amp;ssl=1 800w\" sizes=\"auto, (max-width: 300px) 100vw, 300px\" \/><\/div><\/div>[vc_custom_heading text=&#8220;Konzept, Gestaltung und Umsetzung der Website:&#8220; font_container=&#8220;tag:h4|text_align:left&#8220; use_theme_fonts=&#8220;yes&#8220; css=&#8220;%7B%22default%22%3A%7B%22font-family%22%3A%22body%22%7D%7D&#8220;]<div class=\"wpb_text_column\"><div class=\"wpb_wrapper\"><p><strong style=\"font-size: 30px;\" data-start=\"169\" data-end=\"262\">Virtual Media Guys<br \/>\n<\/strong><br data-start=\"262\" data-end=\"265\" \/>Professionelle <strong data-start=\"337\" data-end=\"393\">Fotografie f\u00fcr Events, Business, Hochzeiten &amp; Presse<\/strong>, <strong data-start=\"395\" data-end=\"423\">virtuelle 360\u00b0-Rundg\u00e4nge,<\/strong> <strong data-start=\"428\" data-end=\"441\">Fotow\u00e4nde und vieles mehr!<\/strong><\/p>\n<\/div><\/div><div class=\"w-btn-wrapper align_center\"><a class=\"w-btn us-btn-style_1\" href=\"https:\/\/www.virtualmediaguys.de\"><span class=\"w-btn-label\">Jetzt dein Projekt anfragen<\/span><\/a><\/div><\/div><\/div><\/div><\/div><\/div><\/div><\/div><div class=\"vc_col-sm-6 wpb_column vc_column_container\"><div class=\"vc_column-inner\"><div class=\"wpb_wrapper\"><div class=\"wpb_text_column\"><div class=\"wpb_wrapper\"><h2 style=\"font-family: 'League Spartan', sans-serif; font-weight: bold;\" data-start=\"796\" data-end=\"840\">Keine Abmahnung ohne vorherigen Kontakt<\/h2>\n<p data-start=\"841\" data-end=\"1012\">Sollten Inhalte oder Darstellungen auf dieser Website Rechte Dritter oder gesetzliche Bestimmungen verletzen, bitten wir um einen entsprechenden Hinweis ohne Kostennote.<\/p>\n<p data-start=\"1014\" data-end=\"1180\">Wir sichern zu, beanstandete Passagen unverz\u00fcglich zu pr\u00fcfen und ggf. zu entfernen oder anzupassen, ohne dass die Einschaltung eines Rechtsanwalts erforderlich ist.<\/p>\n<p data-start=\"1182\" data-end=\"1260\">Kosten, die ohne vorherige Kontaktaufnahme entstehen, werden zur\u00fcckgewiesen.<\/p>\n<hr data-start=\"1262\" data-end=\"1265\" \/>\n<h2 style=\"font-family: 'League Spartan', sans-serif; font-weight: bold;\" data-start=\"1267\" data-end=\"1290\">Haftungsausschluss<\/h2>\n<h3 style=\"font-family: 'League Spartan', sans-serif; font-weight: bold;\" data-start=\"1292\" data-end=\"1323\">1. Inhalte dieser Website<\/h3>\n<p data-start=\"1324\" data-end=\"1496\">Die Inhalte dieser Seiten wurden mit gr\u00f6\u00dftm\u00f6glicher Sorgfalt erstellt. F\u00fcr die Richtigkeit, Vollst\u00e4ndigkeit und Aktualit\u00e4t der Inhalte \u00fcbernehmen wir jedoch keine Gew\u00e4hr.<\/p>\n<p data-start=\"1498\" data-end=\"1806\">Als Diensteanbieter sind wir gem\u00e4\u00df \u00a7\u202f7 Abs.\u202f1 TMG f\u00fcr eigene Inhalte auf diesen Seiten verantwortlich. Nach \u00a7\u00a7\u202f8 bis 10 TMG sind wir jedoch nicht verpflichtet, \u00fcbermittelte oder gespeicherte fremde Informationen zu \u00fcberwachen oder nach Umst\u00e4nden zu forschen, die auf eine rechtswidrige T\u00e4tigkeit hinweisen.<\/p>\n<p data-start=\"1808\" data-end=\"2003\">Eine entsprechende Haftung ist erst ab dem Zeitpunkt der Kenntnis einer konkreten Rechtsverletzung m\u00f6glich. Bei Bekanntwerden von Rechtsverletzungen werden wir diese Inhalte umgehend entfernen.<\/p>\n<hr data-start=\"2005\" data-end=\"2008\" \/>\n<h3 style=\"font-family: 'League Spartan', sans-serif; font-weight: bold;\" data-start=\"2010\" data-end=\"2044\">2. Haftung f\u00fcr externe Links<\/h3>\n<p data-start=\"2045\" data-end=\"2205\">Diese Website enth\u00e4lt Links zu externen Webseiten Dritter, auf deren Inhalte wir keinen Einfluss haben. F\u00fcr diese fremden Inhalte \u00fcbernehmen wir keine Gew\u00e4hr.<\/p>\n<p data-start=\"2207\" data-end=\"2306\">F\u00fcr Inhalte der verlinkten Seiten ist stets der jeweilige Anbieter oder Betreiber verantwortlich.<\/p>\n<p data-start=\"2308\" data-end=\"2471\">Die verlinkten Seiten wurden zum Zeitpunkt der Verlinkung auf m\u00f6gliche Rechtsverst\u00f6\u00dfe \u00fcberpr\u00fcft. Rechtswidrige Inhalte waren zu diesem Zeitpunkt nicht erkennbar.<\/p>\n<p data-start=\"2473\" data-end=\"2582\">Eine permanente inhaltliche Kontrolle der verlinkten Seiten ist ohne konkreten Anhaltspunkt nicht zumutbar.<\/p>\n<p data-start=\"2584\" data-end=\"2670\">Bei Bekanntwerden von Rechtsverletzungen werden wir solche Links umgehend entfernen.<\/p>\n<hr data-start=\"2672\" data-end=\"2675\" \/>\n<h2 style=\"font-family: 'League Spartan', sans-serif; font-weight: bold;\" data-start=\"2677\" data-end=\"2694\">Urheberrecht<\/h2>\n<p data-start=\"2695\" data-end=\"2798\">Die durch uns erstellten Inhalte und Werke auf dieser Website unterliegen dem deutschen Urheberrecht.<\/p>\n<p data-start=\"2800\" data-end=\"2959\">Die Vervielf\u00e4ltigung, Bearbeitung, Verbreitung und jede Art der Verwertung au\u00dferhalb der Grenzen des Urheberrechts bed\u00fcrfen unserer schriftlichen Zustimmung.<\/p>\n<p data-start=\"2961\" data-end=\"3063\">Downloads und Kopien dieser Seite sind nur f\u00fcr den privaten, nicht kommerziellen Gebrauch gestattet.<\/p>\n<p data-start=\"3065\" data-end=\"3204\">Soweit Inhalte auf dieser Seite nicht von uns erstellt wurden, werden die Urheberrechte Dritter beachtet und entsprechend gekennzeichnet.<\/p>\n<p data-start=\"3206\" data-end=\"3380\">Sollten Sie dennoch auf eine Urheberrechtsverletzung aufmerksam werden, bitten wir um einen Hinweis \u2013 bei Bekanntwerden werden wir entsprechende Inhalte umgehend entfernen.<\/p>\n<hr data-start=\"3382\" data-end=\"3385\" \/>\n<h2 style=\"font-family: 'League Spartan', sans-serif; font-weight: bold;\" data-start=\"3387\" data-end=\"3403\">Bildquellen<\/h2>\n<p data-start=\"150\" data-end=\"229\">Alle auf dieser Website verwendeten Bilder stammen aus <strong data-start=\"205\" data-end=\"226\">Eigenproduktionen<\/strong>.<\/p>\n<p data-start=\"231\" data-end=\"342\">Die <strong data-start=\"235\" data-end=\"268\">Location- und Food-Fotografie<\/strong> wurde von unserem externen Partner <a href=\"http:\/\/www.virtualmediaguys.de\"><strong data-start=\"304\" data-end=\"326\">Virtual Media Guys<\/strong><\/a> durchgef\u00fchrt.<\/p>\n<ul data-start=\"344\" data-end=\"670\">\n<li data-start=\"344\" data-end=\"414\">\n<p data-start=\"346\" data-end=\"414\">Einige Bilder stammen aus eigenen Shootings, Events und Projekten.<\/p>\n<\/li>\n<li data-start=\"415\" data-end=\"482\">\n<p data-start=\"417\" data-end=\"482\">Verwendung: Website, Social Media, Printmaterialien und Presse.<\/p>\n<\/li>\n<li data-start=\"483\" data-end=\"588\">\n<p data-start=\"485\" data-end=\"588\">Die Bilder sind thematisch den jeweiligen Unterseiten, Galerien oder Projektdarstellungen zugeordnet.<\/p>\n<\/li>\n<li data-start=\"589\" data-end=\"670\">\n<p data-start=\"591\" data-end=\"670\">Nutzung erfolgt ausschlie\u00dflich durch uns oder mit ausdr\u00fccklicher Genehmigung.<\/p>\n<\/li>\n<\/ul>\n<hr data-start=\"4532\" data-end=\"4535\" \/>\n<h2 style=\"font-family: 'League Spartan', sans-serif; font-weight: bold;\" data-start=\"4537\" data-end=\"4553\">Datenschutz<\/h2>\n<p data-start=\"4554\" data-end=\"4664\">Informationen zur Verarbeitung personenbezogener Daten finden Sie in unserer separaten <a href=\"https:\/\/www.burg-vetzberg.de\/datenschutz\">Datenschutzerkl\u00e4rung<\/a>.<\/p>\n<hr data-start=\"4666\" data-end=\"4669\" \/>\n<h2 style=\"font-family: 'League Spartan', sans-serif; font-weight: bold;\" data-start=\"4671\" data-end=\"4721\">Rechtswirksamkeit dieses Haftungsausschlusses<\/h2>\n<p data-start=\"4722\" data-end=\"4879\">Sollten einzelne Formulierungen oder Abschnitte dieses Textes ganz oder teilweise unwirksam sein, bleibt die G\u00fcltigkeit der \u00fcbrigen Bestimmungen unber\u00fchrt.<\/p>\n<hr data-start=\"4881\" data-end=\"4884\" \/>\n<p data-start=\"4886\" data-end=\"4912\"><strong data-start=\"4886\" data-end=\"4896\">Stand:<\/strong> November 2025<\/p>\n<\/div><\/div><\/div><\/div><\/div><\/div><\/div><\/section>\n","protected":false},"excerpt":{"rendered":"Impressum Angaben gem\u00e4\u00df \u00a7 5 Telemediengesetz (TMG): Burg Vetzberg\u00a0M.Sonneborn &amp; M.Radovcic Vetzberg Gastro GbRBurgstra\u00dfe 0\u00a035444 BiebertalDeutschland USt-IdNr.: DETelefon: +49 64098088300E-Mail: info@burg-vetzberg.de Verantwortlich f\u00fcr den Inhalt nach \u00a7 55 Abs. 2 RStV:M.Sonneborn &amp; M.Radovcic Burgstra\u00dfe 0, 35444 Biebertal [vc_custom_heading text=\"Konzept, Gestaltung und Umsetzung der Website:\" font_container=\"tag:h4|text_align:left\" use_theme_fonts=\"yes\" css=\"%7B%22default%22%3A%7B%22font-family%22%3A%22body%22%7D%7D\"]Virtual Media Guys Professionelle Fotografie f\u00fcr Events, Business, Hochzeiten...","protected":false},"author":2,"featured_media":0,"parent":0,"menu_order":0,"comment_status":"closed","ping_status":"closed","template":"","meta":{"_acf_changed":false,"advanced_seo_description":"","jetpack_seo_html_title":"","jetpack_seo_noindex":false,"footnotes":""},"class_list":["post-1450","page","type-page","status-publish","hentry"],"acf":[],"jetpack_sharing_enabled":true,"_links":{"self":[{"href":"https:\/\/burg-vetzberg.de\/start\/wp-json\/wp\/v2\/pages\/1450","targetHints":{"allow":["GET"]}}],"collection":[{"href":"https:\/\/burg-vetzberg.de\/start\/wp-json\/wp\/v2\/pages"}],"about":[{"href":"https:\/\/burg-vetzberg.de\/start\/wp-json\/wp\/v2\/types\/page"}],"author":[{"embeddable":true,"href":"https:\/\/burg-vetzberg.de\/start\/wp-json\/wp\/v2\/users\/2"}],"replies":[{"embeddable":true,"href":"https:\/\/burg-vetzberg.de\/start\/wp-json\/wp\/v2\/comments?post=1450"}],"version-history":[{"count":20,"href":"https:\/\/burg-vetzberg.de\/start\/wp-json\/wp\/v2\/pages\/1450\/revisions"}],"predecessor-version":[{"id":1670,"href":"https:\/\/burg-vetzberg.de\/start\/wp-json\/wp\/v2\/pages\/1450\/revisions\/1670"}],"wp:attachment":[{"href":"https:\/\/burg-vetzberg.de\/start\/wp-json\/wp\/v2\/media?parent=1450"}],"curies":[{"name":"wp","href":"https:\/\/api.w.org\/{rel}","templated":true}]}}